{"id":163,"date":"2022-05-08T16:57:35","date_gmt":"2022-05-08T16:57:35","guid":{"rendered":"https:\/\/www.jms.ucg.ac.me\/?page_id=163"},"modified":"2026-01-18T12:51:43","modified_gmt":"2026-01-18T12:51:43","slug":"editors-word","status":"publish","type":"page","link":"https:\/\/www.jms.ucg.ac.me\/index.php\/editors-word\/","title":{"rendered":"Editor\u2019s Word"},"content":{"rendered":"\n<div class=\"wp-block-media-text alignwide is-stacked-on-mobile is-vertically-aligned-center\" style=\"grid-template-columns:35% auto\"><figure class=\"wp-block-media-text__media\"><img decoding=\"async\" src=\"https:\/\/www.jms.ucg.ac.me\/wp-content\/uploads\/2023\/06\/JMS-Cover-v23-22-2022-web_22.tiff\" alt=\"\" class=\"wp-image-279 size-full\"\/><\/figure><div class=\"wp-block-media-text__content\">\n<div class=\"wp-block-columns is-layout-flex wp-container-core-columns-is-layout-1 wp-block-columns-is-layout-flex\">\n<div class=\"wp-block-column is-layout-flow wp-block-column-is-layout-flow\">\n<p>Dear colleagues,<\/p>\n\n\n\n<p><strong>\u010casopis Pomorskog fakulteta Kotor \u2013 Journal of Maritime Sciences (JMS)<\/strong> represents an interdisciplinary platform for high-quality papers in the field of maritime sciences. It is dedicated to research integrity and encourages the publication of new investigations. The extent to which this journal can contribute to the growth of the global maritime community is more essential than simply reaching excellence in research. The new Editorial Board will continue to take the JMS to further heights of recognition as a stable scientific journal. The aim is to keep up with quality improvement while creating a great opportunity for young scholars to valorize their research with excitement and enthusiasm.<\/p>\n\n\n\n<p>The JMS continues its mission as a peer-reviewed journal in fields of navigation, transportation, marine engineering, marine ecology, maritime management, logistics, maritime information technologies, education and training, and their practical implications in shipping, as transformative areas due to high technological changes and innovation.<\/p>\n\n\n\n<p>I also take this opportunity to genuinely thank my Associate Editors and other journal team members for being visionary stewards in creating a fruitful environment in reaching the prosperity of maritime sciences.<\/p>\n\n\n\n<p>It is truly an honor to be this year&#8217;s Editor-in-Chief of the <strong>\u010casopis Pomorskog fakulteta Kotor \u2013 Journal of Maritime Sciences<\/strong>. We look forward to contributing to you and making our publication your journal of choice.<\/p>\n\n\n\n<p><strong>Editor-in-Chief:<\/strong><\/p>\n\n\n\n<p class=\"has-small-font-size\">Maja \u0160kuri\u0107, Assistant Professor<\/p>\n<\/div>\n\n\n\n<div class=\"wp-block-column is-layout-flow wp-block-column-is-layout-flow\">\n<p>Po\u0161tovane kolege,<\/p>\n\n\n\n<p><strong>\u010casopis Pomorskog fakulteta Kotor \u2013 Journal of Maritime Sciences (JMS)<\/strong> predstavlja interdisciplinarnu platformu za visokokvalitetne radove u oblasti pomorskih nauka. Posve\u0107en je istra\u017eiva\u010dkom integritetu i podsti\u010de objavljivanje novih istra\u017eivanja. Stepen u kojem ovaj \u010dasopis mo\u017ee doprinijeti rastu globalne pomorske zajednice je va\u017eniji od klasi\u010dnog postizanja izvrsnosti u istra\u017eivanju. Novi Ure\u0111iva\u010dki odbor \u0107e nastaviti da podi\u017ee JMS na jo\u0161 ve\u0107e visine prepoznatljivosti kao stabilan nau\u010dni \u010dasopis. Cilj je da se prati pobolj\u0161anje kvaliteta, a istovremeno se stvara odli\u010dna prilika za mlade nau\u010dnike da kroz rad i entuzijazam vrednuju svoja istra\u017eivanja.<\/p>\n\n\n\n<p>JMS nastavlja svoju misiju kao recenzirani \u010dasopis u oblastima: navigacije, transporta, pomorskog in\u017eenjerstva, morske ekologije, menad\u017ementa u pomorstvu, logistike, pomorskih informacionih tehnologija, obrazovanja i obuke i njihovih prakti\u010dnih implikacija u pomorstvu, kao transformativnih oblasti proisteklih iz zna\u010dajnih tehnolo\u0161kih promjena i inovacija.<\/p>\n\n\n\n<p>Tako\u0111e, koristim ovu priliku da se iskreno zahvalim pomo\u0107nim urednicima i drugim \u010dlanovima tima \u010dasopisa na vizionarskom djelovanju u stvaranju plodnog okru\u017eenja za ostvarenje napretka pomorskih nauka.<\/p>\n\n\n\n<p>Zaista mi je \u010dast biti ovogodi\u0161nja glavna urednica <strong>\u010casopisa Pomorskog fakulteta Kotor \u2013 Journal of Maritime Sciences<\/strong>. Radujemo se \u0161to \u0107emo vam doprinijeti i u\u010diniti na\u0161u publikaciju va\u0161im omiljenim \u010dasopisom.<\/p>\n\n\n\n<p class=\"has-small-font-size\"><strong>Glavna urednica:<\/strong><br><em>doc. dr Maja \u0160kuri\u0107<\/em><\/p>\n<\/div>\n<\/div>\n<\/div><\/div>\n\n\n\n<div style=\"height:10px\" aria-hidden=\"true\" class=\"wp-block-spacer\"><\/div>\n\n\n\n<div class=\"wp-block-columns alignwide is-layout-flex wp-container-core-columns-is-layout-2 wp-block-columns-is-layout-flex\">\n<div class=\"wp-block-column is-layout-flow wp-block-column-is-layout-flow\">\n<p style=\"font-size:14px\"><strong><a href=\"https:\/\/www.ucg.ac.me\/pfkotor\/\" target=\"_blank\" rel=\"noreferrer noopener\">Faculty of Maritime Studies Kotor<\/a><\/strong><br>Put I Bokeljske brigade 44, Dobrota<br>85331 Kotor, Montenegro<br>tel: +38232303184<br>email: <a href=\"mailto:pfkotor@ucg.ac.me\">pfkotor@ucg.ac.me<\/a><\/p>\n<\/div>\n\n\n\n<div class=\"wp-block-column is-layout-flow wp-block-column-is-layout-flow\">\n<p style=\"font-size:14px\"><strong><a href=\"https:\/\/www.ucg.ac.me\/pfkotor\/\" data-type=\"URL\" data-id=\"https:\/\/www.ucg.ac.me\/pfkotor\/\" target=\"_blank\" rel=\"noreferrer noopener\">Pomorski fakultet Kotor<\/a><\/strong><br>Put I Bokeljske brigade 44, Dobrota<br>85331 Kotor, Montenegro<br>tel: +38232303184<br>email: <a href=\"mailto:pfkotor@ucg.ac.me\">pfkotor@ucg.ac.me<\/a><\/p>\n<\/div>\n\n\n\n<div class=\"wp-block-column is-layout-flow wp-block-column-is-layout-flow\">\n<p style=\"font-size:14px\"><a rel=\"noreferrer noopener\" href=\"https:\/\/www.ucg.ac.me\/pfkotor\/\" target=\"_blank\"><strong>Faculty of Maritime Studies Kotor Web Page<\/strong><\/a><br><\/p>\n\n\n\n<ul class=\"wp-block-social-links is-style-default is-layout-flex wp-block-social-links-is-layout-flex\"><li class=\"wp-social-link wp-social-link-facebook  wp-block-social-link\"><a href=\"https:\/\/www.facebook.com\/pomorski.fakultet.kotor\" class=\"wp-block-social-link-anchor\"><svg width=\"24\" height=\"24\" viewBox=\"0 0 24 24\" version=\"1.1\" xmlns=\"http:\/\/www.w3.org\/2000\/svg\" aria-hidden=\"true\" focusable=\"false\"><path d=\"M12 2C6.5 2 2 6.5 2 12c0 5 3.7 9.1 8.4 9.9v-7H7.9V12h2.5V9.8c0-2.5 1.5-3.9 3.8-3.9 1.1 0 2.2.2 2.2.2v2.5h-1.3c-1.2 0-1.6.8-1.6 1.6V12h2.8l-.4 2.9h-2.3v7C18.3 21.1 22 17 22 12c0-5.5-4.5-10-10-10z\"><\/path><\/svg><span class=\"wp-block-social-link-label screen-reader-text\">Facebook<\/span><\/a><\/li>\n\n<li class=\"wp-social-link wp-social-link-instagram  wp-block-social-link\"><a href=\"https:\/\/www.instagram.com\/pomorski.fakultet.kotor\/\" class=\"wp-block-social-link-anchor\"><svg width=\"24\" height=\"24\" viewBox=\"0 0 24 24\" version=\"1.1\" xmlns=\"http:\/\/www.w3.org\/2000\/svg\" aria-hidden=\"true\" focusable=\"false\"><path d=\"M12,4.622c2.403,0,2.688,0.009,3.637,0.052c0.877,0.04,1.354,0.187,1.671,0.31c0.42,0.163,0.72,0.358,1.035,0.673 c0.315,0.315,0.51,0.615,0.673,1.035c0.123,0.317,0.27,0.794,0.31,1.671c0.043,0.949,0.052,1.234,0.052,3.637 s-0.009,2.688-0.052,3.637c-0.04,0.877-0.187,1.354-0.31,1.671c-0.163,0.42-0.358,0.72-0.673,1.035 c-0.315,0.315-0.615,0.51-1.035,0.673c-0.317,0.123-0.794,0.27-1.671,0.31c-0.949,0.043-1.233,0.052-3.637,0.052 s-2.688-0.009-3.637-0.052c-0.877-0.04-1.354-0.187-1.671-0.31c-0.42-0.163-0.72-0.358-1.035-0.673 c-0.315-0.315-0.51-0.615-0.673-1.035c-0.123-0.317-0.27-0.794-0.31-1.671C4.631,14.688,4.622,14.403,4.622,12 s0.009-2.688,0.052-3.637c0.04-0.877,0.187-1.354,0.31-1.671c0.163-0.42,0.358-0.72,0.673-1.035 c0.315-0.315,0.615-0.51,1.035-0.673c0.317-0.123,0.794-0.27,1.671-0.31C9.312,4.631,9.597,4.622,12,4.622 M12,3 C9.556,3,9.249,3.01,8.289,3.054C7.331,3.098,6.677,3.25,6.105,3.472C5.513,3.702,5.011,4.01,4.511,4.511 c-0.5,0.5-0.808,1.002-1.038,1.594C3.25,6.677,3.098,7.331,3.054,8.289C3.01,9.249,3,9.556,3,12c0,2.444,0.01,2.751,0.054,3.711 c0.044,0.958,0.196,1.612,0.418,2.185c0.23,0.592,0.538,1.094,1.038,1.594c0.5,0.5,1.002,0.808,1.594,1.038 c0.572,0.222,1.227,0.375,2.185,0.418C9.249,20.99,9.556,21,12,21s2.751-0.01,3.711-0.054c0.958-0.044,1.612-0.196,2.185-0.418 c0.592-0.23,1.094-0.538,1.594-1.038c0.5-0.5,0.808-1.002,1.038-1.594c0.222-0.572,0.375-1.227,0.418-2.185 C20.99,14.751,21,14.444,21,12s-0.01-2.751-0.054-3.711c-0.044-0.958-0.196-1.612-0.418-2.185c-0.23-0.592-0.538-1.094-1.038-1.594 c-0.5-0.5-1.002-0.808-1.594-1.038c-0.572-0.222-1.227-0.375-2.185-0.418C14.751,3.01,14.444,3,12,3L12,3z M12,7.378 c-2.552,0-4.622,2.069-4.622,4.622S9.448,16.622,12,16.622s4.622-2.069,4.622-4.622S14.552,7.378,12,7.378z M12,15 c-1.657,0-3-1.343-3-3s1.343-3,3-3s3,1.343,3,3S13.657,15,12,15z M16.804,6.116c-0.596,0-1.08,0.484-1.08,1.08 s0.484,1.08,1.08,1.08c0.596,0,1.08-0.484,1.08-1.08S17.401,6.116,16.804,6.116z\"><\/path><\/svg><span class=\"wp-block-social-link-label screen-reader-text\">Instagram<\/span><\/a><\/li>\n\n<li class=\"wp-social-link wp-social-link-youtube  wp-block-social-link\"><a href=\"https:\/\/www.youtube.com\/channel\/UCVEy0x7vi8hceYNYZ7T1iHg\" class=\"wp-block-social-link-anchor\"><svg width=\"24\" height=\"24\" viewBox=\"0 0 24 24\" version=\"1.1\" xmlns=\"http:\/\/www.w3.org\/2000\/svg\" aria-hidden=\"true\" focusable=\"false\"><path d=\"M21.8,8.001c0,0-0.195-1.378-0.795-1.985c-0.76-0.797-1.613-0.801-2.004-0.847c-2.799-0.202-6.997-0.202-6.997-0.202 h-0.009c0,0-4.198,0-6.997,0.202C4.608,5.216,3.756,5.22,2.995,6.016C2.395,6.623,2.2,8.001,2.2,8.001S2,9.62,2,11.238v1.517 c0,1.618,0.2,3.237,0.2,3.237s0.195,1.378,0.795,1.985c0.761,0.797,1.76,0.771,2.205,0.855c1.6,0.153,6.8,0.201,6.8,0.201 s4.203-0.006,7.001-0.209c0.391-0.047,1.243-0.051,2.004-0.847c0.6-0.607,0.795-1.985,0.795-1.985s0.2-1.618,0.2-3.237v-1.517 C22,9.62,21.8,8.001,21.8,8.001z M9.935,14.594l-0.001-5.62l5.404,2.82L9.935,14.594z\"><\/path><\/svg><span class=\"wp-block-social-link-label screen-reader-text\">YouTube<\/span><\/a><\/li><\/ul>\n<\/div>\n<\/div>\n","protected":false},"excerpt":{"rendered":"<p>Faculty of Maritime Studies KotorPut I Bokeljske brigade 44, Dobrota85331 Kotor, Montenegrotel: +38232303184email: pfkotor@ucg.ac.me Pomorski fakultet KotorPut I Bokeljske brigade 44, Dobrota85331 Kotor, Montenegrotel: +38232303184email: pfkotor@ucg.ac.me Faculty of Maritime Studies Kotor Web Page<\/p>\n","protected":false},"author":2,"featured_media":0,"parent":0,"menu_order":0,"comment_status":"closed","ping_status":"closed","template":"","meta":{"footnotes":""},"class_list":["post-163","page","type-page","status-publish","hentry"],"_links":{"self":[{"href":"https:\/\/www.jms.ucg.ac.me\/index.php\/wp-json\/wp\/v2\/pages\/163"}],"collection":[{"href":"https:\/\/www.jms.ucg.ac.me\/index.php\/wp-json\/wp\/v2\/pages"}],"about":[{"href":"https:\/\/www.jms.ucg.ac.me\/index.php\/wp-json\/wp\/v2\/types\/page"}],"author":[{"embeddable":true,"href":"https:\/\/www.jms.ucg.ac.me\/index.php\/wp-json\/wp\/v2\/users\/2"}],"replies":[{"embeddable":true,"href":"https:\/\/www.jms.ucg.ac.me\/index.php\/wp-json\/wp\/v2\/comments?post=163"}],"version-history":[{"count":9,"href":"https:\/\/www.jms.ucg.ac.me\/index.php\/wp-json\/wp\/v2\/pages\/163\/revisions"}],"predecessor-version":[{"id":470,"href":"https:\/\/www.jms.ucg.ac.me\/index.php\/wp-json\/wp\/v2\/pages\/163\/revisions\/470"}],"wp:attachment":[{"href":"https:\/\/www.jms.ucg.ac.me\/index.php\/wp-json\/wp\/v2\/media?parent=163"}],"curies":[{"name":"wp","href":"https:\/\/api.w.org\/{rel}","templated":true}]}}