{"id":287,"date":"2023-06-12T08:15:52","date_gmt":"2023-06-12T08:15:52","guid":{"rendered":"https:\/\/www.jms.ucg.ac.me\/?page_id=287"},"modified":"2023-10-09T10:24:34","modified_gmt":"2023-10-09T10:24:34","slug":"jms-vol-24-no-1-2023","status":"publish","type":"page","link":"https:\/\/www.jms.ucg.ac.me\/index.php\/jms-vol-24-no-1-2023\/","title":{"rendered":"JMS Vol. 24 No. 1\/2023"},"content":{"rendered":"\n<div class=\"wp-block-media-text alignwide is-stacked-on-mobile is-vertically-aligned-top\" style=\"grid-template-columns:19% auto\" id=\"About\"><figure class=\"wp-block-media-text__media\"><img loading=\"lazy\" decoding=\"async\" width=\"300\" height=\"184\" src=\"https:\/\/www.jms.ucg.ac.me\/wp-content\/uploads\/2022\/04\/Logo-JMS-2-300x184.png\" alt=\"\u010casopis Pomorskog fakulteta Kotor \u2013 Journal of Maritime Sciences\" class=\"wp-image-82 size-medium\" srcset=\"https:\/\/www.jms.ucg.ac.me\/wp-content\/uploads\/2022\/04\/Logo-JMS-2-300x184.png 300w, https:\/\/www.jms.ucg.ac.me\/wp-content\/uploads\/2022\/04\/Logo-JMS-2-1024x627.png 1024w, https:\/\/www.jms.ucg.ac.me\/wp-content\/uploads\/2022\/04\/Logo-JMS-2-768x470.png 768w, https:\/\/www.jms.ucg.ac.me\/wp-content\/uploads\/2022\/04\/Logo-JMS-2.png 1088w\" sizes=\"(max-width: 300px) 100vw, 300px\" \/><\/figure><div class=\"wp-block-media-text__content\">\n<p class=\"has-large-font-size\">Complete <strong><a href=\"https:\/\/www.jms.ucg.ac.me\/jms_archive\/v24_1_2023\/JMS%20vol.%2024%2C%20no%201.pdf\" data-type=\"URL\" data-id=\"https:\/\/www.jms.ucg.ac.me\/jms_archive\/v24_1_2023\/JMS%20vol.%2024%2C%20no%201.pdf\">JMS Vol. 24 No.1\/2023<\/a><\/strong> <\/p>\n\n\n\n<h2 class=\"wp-block-heading\">Content<\/h2>\n\n\n\n<p><strong>The Importance of the Maritime Library Fund in the Scientific Research and Educational Process<\/strong><br><em>Nata\u0161a Gobovi\u0107, Ana Kerndl<\/em><br>pages: 1-11<br><a href=\"https:\/\/www.jms.ucg.ac.me\/jms_archive\/v24_1_2023\/jms_24_01_2023_01.html\">DOI: https:\/\/doi.org\/10.56080\/jms230501<\/a><\/p>\n\n\n\n<p><strong>Minimisation of Propeller-Induced Sediment Resuspension with Rip-Rap System<\/strong><br><em>Jure Sr\u0161e, Marko Perkovi\u010d, Aleksander Grm<\/em><br>pages: 12-21<br><a href=\"https:\/\/www.jms.ucg.ac.me\/jms_archive\/v24_1_2023\/jms_24_01_2023_02.html\">DOI: https:\/\/doi.org\/10.56080\/jms230502<\/a><\/p>\n\n\n\n<p><strong>Decarbonizing the Bay of Kotor: Preliminary Electrification Concept of a Ferry<\/strong><br><em>Milan Kalajd\u017ei\u0107, Nikola Mom\u010dilovi\u0107, Luka Mijatovi\u0107<\/em><br>pages: 22-35<br><a href=\"https:\/\/www.jms.ucg.ac.me\/jms_archive\/v24_1_2023\/jms_24_01_2023_03.html\">DOI: https:\/\/doi.org\/10.56080\/jms230503<\/a><\/p>\n\n\n\n<p><strong>Automatic Detection of Visual Changes between X-Ray Images to Support Antifraud Customs Control at Ports &#8211; A Preliminary Study<\/strong><br><em>Andrea Chezzi, Mattia Colucci, Radmila Gagic, Danilo Martino, Claudio Pascarelli, Adriana Pettinicchio<\/em><br>pages: 36-50<br><a href=\"https:\/\/www.jms.ucg.ac.me\/jms_archive\/v24_1_2023\/jms_24_01_2023_04.html\">DOI: https:\/\/doi.org\/10.56080\/jms230504<\/a><\/p>\n\n\n\n<p><strong>The Impact of Marketing Information on the Decisions of Nautical Tourists Visiting Eastern Adriatic Region<\/strong><br><em>Zoran Kova\u010devi\u0107, Senka \u0160ekularac-Ivo\u0161evi\u0107, Tanja Poletan Jugovi\u0107<\/em><br>pages: 51-65<br><a href=\"https:\/\/www.jms.ucg.ac.me\/jms_archive\/v24_1_2023\/jms_24_01_2023_05.html\">DOI: https:\/\/doi.org\/10.56080\/jms230505<\/a><\/p>\n\n\n\n<p><strong>The New Italian Exclusive Economic Zone and Italy-Montenegro Maritime Boundary Delimitation<\/strong><br><em>Valeria Eboli<\/em><br>pages: 66-97<br><a href=\"https:\/\/www.jms.ucg.ac.me\/jms_archive\/v24_1_2023\/jms_24_01_2023_06.html\">DOI: https:\/\/doi.org\/10.56080\/jms230506<\/a><\/p>\n\n\n\n<p><strong>Risk Assessment of Pollution by Wastewater from Vessels for the Port of Kotor<\/strong><br><em>Pavi\u0107 Bracanovi\u0107, \u017darko Koboevi\u0107, \u0160piro Ivo\u0161evi\u0107<\/em><br>pages: 98-118<br><a href=\"https:\/\/www.jms.ucg.ac.me\/jms_archive\/v24_1_2023\/jms_24_01_2023_07.html\">DOI: https:\/\/doi.org\/10.56080\/jms230507<\/a><\/p>\n\n\n\n<p><strong>Contribution for the Fire Protection Improvement on RO-RO Ships<\/strong><br><em>Sanja Arko Karioli\u0107, \u0110ani \u0160abalja, Renato Iv\u010de, Astrid Zeki\u0107<\/em><br>pages: 119-131<br><a href=\"https:\/\/www.jms.ucg.ac.me\/jms_archive\/v24_1_2023\/jms_24_01_2023_08.html\">DOI: https:\/\/doi.org\/10.56080\/jms230508<\/a><\/p>\n\n\n\n<p><strong>The Influence of Shallow Waters on the Maneuvering of Large Ships<\/strong><br><em>Mislav Maljkovi\u0107, Ivica Pavi\u0107, Marko Perkovi\u010d, Toni Me\u0161trovi\u0107<\/em><br>pages: 132-141<br><a href=\"https:\/\/www.jms.ucg.ac.me\/jms_archive\/v24_1_2023\/jms_24_01_2023_09.html\">DOI: https:\/\/doi.org\/10.56080\/jms230509<\/a><\/p>\n\n\n\n<p><\/p>\n\n\n\n<p><strong><em>List of reviewers participated in the Review Process:<\/em><\/strong><br>Elen Twrdy, Nastia Degiuli, Adriana Vincenca Padovan, Tanja Poletan Jugovi\u0107, Nikola Mandi\u0107, Tatijana Dlaba\u010d, Boban Melovi\u0107, Rino Bo\u0161njak, Marina Zanne, Nermin Hasanspahi\u0107, Sead Cvrk, Miroslav Vuki\u010devi\u0107, Maja \u0160kuri\u0107, Ivan Mrakovi\u0107, Bosiljka Cicmil, and Jasmina Bajo.<\/p>\n\n\n\n<p><br><\/p>\n<\/div><\/div>\n\n\n\n<div style=\"height:10px\" aria-hidden=\"true\" class=\"wp-block-spacer\"><\/div>\n\n\n\n<div class=\"wp-block-columns alignwide is-layout-flex wp-container-core-columns-is-layout-1 wp-block-columns-is-layout-flex\">\n<div class=\"wp-block-column is-layout-flow wp-block-column-is-layout-flow\">\n<p style=\"font-size:14px\"><strong><a href=\"https:\/\/www.ucg.ac.me\/pfkotor\/\" target=\"_blank\" rel=\"noreferrer noopener\">Faculty of Maritime Studies Kotor<\/a><\/strong><br>Put I Bokeljske brigade 44, Dobrota<br>85331 Kotor, Montenegro<br>tel: +38232303184<br>email: <a href=\"mailto:pfkotor@ucg.ac.me\">pfkotor@ucg.ac.me<\/a><\/p>\n<\/div>\n\n\n\n<div class=\"wp-block-column is-layout-flow wp-block-column-is-layout-flow\">\n<p style=\"font-size:14px\"><strong><a href=\"https:\/\/www.ucg.ac.me\/pfkotor\/\" data-type=\"URL\" data-id=\"https:\/\/www.ucg.ac.me\/pfkotor\/\" target=\"_blank\" rel=\"noreferrer noopener\">Pomorski fakultet Kotor<\/a><\/strong><br>Put I Bokeljske brigade 44, Dobrota<br>85331 Kotor, Montenegro<br>tel: +38232303184<br>email: <a href=\"mailto:pfkotor@ucg.ac.me\">pfkotor@ucg.ac.me<\/a><\/p>\n<\/div>\n\n\n\n<div class=\"wp-block-column is-layout-flow wp-block-column-is-layout-flow\">\n<p style=\"font-size:14px\"><a rel=\"noreferrer noopener\" href=\"https:\/\/www.ucg.ac.me\/pfkotor\/\" target=\"_blank\"><strong>Faculty of Maritime Studies Kotor Web Page<\/strong><\/a><br><\/p>\n\n\n\n<ul class=\"wp-block-social-links is-style-default is-layout-flex wp-block-social-links-is-layout-flex\"><li class=\"wp-social-link wp-social-link-facebook  wp-block-social-link\"><a href=\"https:\/\/www.facebook.com\/pomorski.fakultet.kotor\" class=\"wp-block-social-link-anchor\"><svg width=\"24\" height=\"24\" viewBox=\"0 0 24 24\" version=\"1.1\" xmlns=\"http:\/\/www.w3.org\/2000\/svg\" aria-hidden=\"true\" focusable=\"false\"><path d=\"M12 2C6.5 2 2 6.5 2 12c0 5 3.7 9.1 8.4 9.9v-7H7.9V12h2.5V9.8c0-2.5 1.5-3.9 3.8-3.9 1.1 0 2.2.2 2.2.2v2.5h-1.3c-1.2 0-1.6.8-1.6 1.6V12h2.8l-.4 2.9h-2.3v7C18.3 21.1 22 17 22 12c0-5.5-4.5-10-10-10z\"><\/path><\/svg><span class=\"wp-block-social-link-label screen-reader-text\">Facebook<\/span><\/a><\/li>\n\n<li class=\"wp-social-link wp-social-link-instagram  wp-block-social-link\"><a href=\"https:\/\/www.instagram.com\/pomorski.fakultet.kotor\/\" class=\"wp-block-social-link-anchor\"><svg width=\"24\" height=\"24\" viewBox=\"0 0 24 24\" version=\"1.1\" xmlns=\"http:\/\/www.w3.org\/2000\/svg\" aria-hidden=\"true\" focusable=\"false\"><path d=\"M12,4.622c2.403,0,2.688,0.009,3.637,0.052c0.877,0.04,1.354,0.187,1.671,0.31c0.42,0.163,0.72,0.358,1.035,0.673 c0.315,0.315,0.51,0.615,0.673,1.035c0.123,0.317,0.27,0.794,0.31,1.671c0.043,0.949,0.052,1.234,0.052,3.637 s-0.009,2.688-0.052,3.637c-0.04,0.877-0.187,1.354-0.31,1.671c-0.163,0.42-0.358,0.72-0.673,1.035 c-0.315,0.315-0.615,0.51-1.035,0.673c-0.317,0.123-0.794,0.27-1.671,0.31c-0.949,0.043-1.233,0.052-3.637,0.052 s-2.688-0.009-3.637-0.052c-0.877-0.04-1.354-0.187-1.671-0.31c-0.42-0.163-0.72-0.358-1.035-0.673 c-0.315-0.315-0.51-0.615-0.673-1.035c-0.123-0.317-0.27-0.794-0.31-1.671C4.631,14.688,4.622,14.403,4.622,12 s0.009-2.688,0.052-3.637c0.04-0.877,0.187-1.354,0.31-1.671c0.163-0.42,0.358-0.72,0.673-1.035 c0.315-0.315,0.615-0.51,1.035-0.673c0.317-0.123,0.794-0.27,1.671-0.31C9.312,4.631,9.597,4.622,12,4.622 M12,3 C9.556,3,9.249,3.01,8.289,3.054C7.331,3.098,6.677,3.25,6.105,3.472C5.513,3.702,5.011,4.01,4.511,4.511 c-0.5,0.5-0.808,1.002-1.038,1.594C3.25,6.677,3.098,7.331,3.054,8.289C3.01,9.249,3,9.556,3,12c0,2.444,0.01,2.751,0.054,3.711 c0.044,0.958,0.196,1.612,0.418,2.185c0.23,0.592,0.538,1.094,1.038,1.594c0.5,0.5,1.002,0.808,1.594,1.038 c0.572,0.222,1.227,0.375,2.185,0.418C9.249,20.99,9.556,21,12,21s2.751-0.01,3.711-0.054c0.958-0.044,1.612-0.196,2.185-0.418 c0.592-0.23,1.094-0.538,1.594-1.038c0.5-0.5,0.808-1.002,1.038-1.594c0.222-0.572,0.375-1.227,0.418-2.185 C20.99,14.751,21,14.444,21,12s-0.01-2.751-0.054-3.711c-0.044-0.958-0.196-1.612-0.418-2.185c-0.23-0.592-0.538-1.094-1.038-1.594 c-0.5-0.5-1.002-0.808-1.594-1.038c-0.572-0.222-1.227-0.375-2.185-0.418C14.751,3.01,14.444,3,12,3L12,3z M12,7.378 c-2.552,0-4.622,2.069-4.622,4.622S9.448,16.622,12,16.622s4.622-2.069,4.622-4.622S14.552,7.378,12,7.378z M12,15 c-1.657,0-3-1.343-3-3s1.343-3,3-3s3,1.343,3,3S13.657,15,12,15z M16.804,6.116c-0.596,0-1.08,0.484-1.08,1.08 s0.484,1.08,1.08,1.08c0.596,0,1.08-0.484,1.08-1.08S17.401,6.116,16.804,6.116z\"><\/path><\/svg><span class=\"wp-block-social-link-label screen-reader-text\">Instagram<\/span><\/a><\/li>\n\n<li class=\"wp-social-link wp-social-link-youtube  wp-block-social-link\"><a href=\"https:\/\/www.youtube.com\/channel\/UCVEy0x7vi8hceYNYZ7T1iHg\" class=\"wp-block-social-link-anchor\"><svg width=\"24\" height=\"24\" viewBox=\"0 0 24 24\" version=\"1.1\" xmlns=\"http:\/\/www.w3.org\/2000\/svg\" aria-hidden=\"true\" focusable=\"false\"><path d=\"M21.8,8.001c0,0-0.195-1.378-0.795-1.985c-0.76-0.797-1.613-0.801-2.004-0.847c-2.799-0.202-6.997-0.202-6.997-0.202 h-0.009c0,0-4.198,0-6.997,0.202C4.608,5.216,3.756,5.22,2.995,6.016C2.395,6.623,2.2,8.001,2.2,8.001S2,9.62,2,11.238v1.517 c0,1.618,0.2,3.237,0.2,3.237s0.195,1.378,0.795,1.985c0.761,0.797,1.76,0.771,2.205,0.855c1.6,0.153,6.8,0.201,6.8,0.201 s4.203-0.006,7.001-0.209c0.391-0.047,1.243-0.051,2.004-0.847c0.6-0.607,0.795-1.985,0.795-1.985s0.2-1.618,0.2-3.237v-1.517 C22,9.62,21.8,8.001,21.8,8.001z M9.935,14.594l-0.001-5.62l5.404,2.82L9.935,14.594z\"><\/path><\/svg><span class=\"wp-block-social-link-label screen-reader-text\">YouTube<\/span><\/a><\/li><\/ul>\n<\/div>\n<\/div>\n","protected":false},"excerpt":{"rendered":"<p>Complete JMS Vol. 24 No.1\/2023 Content The Importance of the Maritime Library Fund in the Scientific Research and Educational ProcessNata\u0161a Gobovi\u0107, Ana Kerndlpages: 1-11DOI: https:\/\/doi.org\/10.56080\/jms230501 Minimisation of Propeller-Induced Sediment Resuspension with Rip-Rap SystemJure Sr\u0161e, Marko Perkovi\u010d, Aleksander Grmpages: 12-21DOI: https:\/\/doi.org\/10.56080\/jms230502 Decarbonizing the Bay of Kotor: Preliminary Electrification Concept of a FerryMilan Kalajd\u017ei\u0107, Nikola Mom\u010dilovi\u0107, Luka [&hellip;]<\/p>\n","protected":false},"author":1,"featured_media":0,"parent":0,"menu_order":0,"comment_status":"closed","ping_status":"closed","template":"","meta":{"footnotes":""},"class_list":["post-287","page","type-page","status-publish","hentry"],"_links":{"self":[{"href":"https:\/\/www.jms.ucg.ac.me\/index.php\/wp-json\/wp\/v2\/pages\/287"}],"collection":[{"href":"https:\/\/www.jms.ucg.ac.me\/index.php\/wp-json\/wp\/v2\/pages"}],"about":[{"href":"https:\/\/www.jms.ucg.ac.me\/index.php\/wp-json\/wp\/v2\/types\/page"}],"author":[{"embeddable":true,"href":"https:\/\/www.jms.ucg.ac.me\/index.php\/wp-json\/wp\/v2\/users\/1"}],"replies":[{"embeddable":true,"href":"https:\/\/www.jms.ucg.ac.me\/index.php\/wp-json\/wp\/v2\/comments?post=287"}],"version-history":[{"count":5,"href":"https:\/\/www.jms.ucg.ac.me\/index.php\/wp-json\/wp\/v2\/pages\/287\/revisions"}],"predecessor-version":[{"id":303,"href":"https:\/\/www.jms.ucg.ac.me\/index.php\/wp-json\/wp\/v2\/pages\/287\/revisions\/303"}],"wp:attachment":[{"href":"https:\/\/www.jms.ucg.ac.me\/index.php\/wp-json\/wp\/v2\/media?parent=287"}],"curies":[{"name":"wp","href":"https:\/\/api.w.org\/{rel}","templated":true}]}}